{"id":39,"date":"2024-10-03T20:13:13","date_gmt":"2024-10-03T18:13:13","guid":{"rendered":"https:\/\/www.ladesveladadelsiglo.es\/?page_id=39"},"modified":"2026-01-11T22:28:56","modified_gmt":"2026-01-11T21:28:56","slug":"la-desvelada-del-siglo-2","status":"publish","type":"page","link":"https:\/\/ladesveladadelsiglo.es\/index.php\/la-desvelada-del-siglo-2\/","title":{"rendered":"Edicions pasades"},"content":{"rendered":"\n<p class=\"has-text-align-center has-luminous-vivid-amber-color has-midnight-gradient-background has-text-color has-background has-link-color has-large-font-size wp-elements-9fed81ac89f1047d23e47f7f1e630a8b\"><strong>2\u00aa Edici\u00f3n <\/strong><\/p>\n\n\n\n<figure class=\"wp-block-embed is-type-video is-provider-youtube wp-block-embed-youtube wp-embed-aspect-16-9 wp-has-aspect-ratio\"><div class=\"wp-block-embed__wrapper\">\n<iframe loading=\"lazy\" title=\"M\u00fasica En La Desvelada Del Siglo 2 || #2\" width=\"640\" height=\"360\" src=\"https:\/\/www.youtube.com\/embed\/7xU32HK5r7E?feature=oembed\" frameborder=\"0\" allow=\"accelerometer; autoplay; clipboard-write; encrypted-media; gyroscope; picture-in-picture; web-share\" referrerpolicy=\"strict-origin-when-cross-origin\" allowfullscreen><\/iframe>\n<\/div><\/figure>\n\n\n\n<figure class=\"wp-block-embed is-type-video is-provider-youtube wp-block-embed-youtube wp-embed-aspect-4-3 wp-has-aspect-ratio\"><div class=\"wp-block-embed__wrapper\">\n<iframe loading=\"lazy\" title=\"M\u00fasica En La Desvelada Del Siglo 2 || #1\" width=\"640\" height=\"480\" src=\"https:\/\/www.youtube.com\/embed\/ED7V13OMXTU?feature=oembed\" frameborder=\"0\" allow=\"accelerometer; autoplay; clipboard-write; encrypted-media; gyroscope; picture-in-picture; web-share\" referrerpolicy=\"strict-origin-when-cross-origin\" allowfullscreen><\/iframe>\n<\/div><\/figure>\n\n\n\n<p>Esta edici\u00f3n cuenta con unas pruebas parecidas, donde los concursantes de esta edici\u00f3n, Lucas y Gael, pondr\u00e1n a prueba sus habilidades de equilibrio, punter\u00eda, matem\u00e1ticas, cultura general\u2026 Alternado con espect\u00e1culos musicales. <br><\/p>\n\n\n\n<p>La organizaci\u00f3n de este a\u00f1o nos ha permitido poner carteles por la calle<\/p>\n\n\n\n<figure class=\"wp-block-gallery has-nested-images columns-default is-cropped wp-block-gallery-1 is-layout-flex wp-block-gallery-is-layout-flex\">\n<figure class=\"wp-block-image size-large\"><img loading=\"lazy\" decoding=\"async\" width=\"1024\" height=\"1024\" data-id=\"182\" src=\"https:\/\/www.ladesveladadelsiglo.es\/wp-content\/uploads\/2024\/10\/IMG_4852-1024x1024.jpeg\" alt=\"\" class=\"wp-image-182\" srcset=\"https:\/\/ladesveladadelsiglo.es\/wp-content\/uploads\/2024\/10\/IMG_4852-1024x1024.jpeg 1024w, https:\/\/ladesveladadelsiglo.es\/wp-content\/uploads\/2024\/10\/IMG_4852-300x300.jpeg 300w, https:\/\/ladesveladadelsiglo.es\/wp-content\/uploads\/2024\/10\/IMG_4852-scaled-100x100.jpeg 100w, https:\/\/ladesveladadelsiglo.es\/wp-content\/uploads\/2024\/10\/IMG_4852-150x150.jpeg 150w, https:\/\/ladesveladadelsiglo.es\/wp-content\/uploads\/2024\/10\/IMG_4852-768x768.jpeg 768w\" sizes=\"auto, (max-width: 1024px) 100vw, 1024px\" \/><\/figure>\n\n\n\n<figure class=\"wp-block-image size-large\"><img loading=\"lazy\" decoding=\"async\" width=\"1024\" height=\"1024\" data-id=\"178\" src=\"https:\/\/www.ladesveladadelsiglo.es\/wp-content\/uploads\/2024\/10\/IMG_4853-1024x1024.jpeg\" alt=\"\" class=\"wp-image-178\" srcset=\"https:\/\/ladesveladadelsiglo.es\/wp-content\/uploads\/2024\/10\/IMG_4853-1024x1024.jpeg 1024w, https:\/\/ladesveladadelsiglo.es\/wp-content\/uploads\/2024\/10\/IMG_4853-300x300.jpeg 300w, https:\/\/ladesveladadelsiglo.es\/wp-content\/uploads\/2024\/10\/IMG_4853-scaled-100x100.jpeg 100w, https:\/\/ladesveladadelsiglo.es\/wp-content\/uploads\/2024\/10\/IMG_4853-150x150.jpeg 150w, https:\/\/ladesveladadelsiglo.es\/wp-content\/uploads\/2024\/10\/IMG_4853-768x768.jpeg 768w\" sizes=\"auto, (max-width: 1024px) 100vw, 1024px\" \/><\/figure>\n\n\n\n<figure class=\"wp-block-image size-large\"><img loading=\"lazy\" decoding=\"async\" width=\"1024\" height=\"1024\" data-id=\"180\" src=\"https:\/\/www.ladesveladadelsiglo.es\/wp-content\/uploads\/2024\/10\/IMG_4854-1024x1024.jpeg\" alt=\"\" class=\"wp-image-180\" srcset=\"https:\/\/ladesveladadelsiglo.es\/wp-content\/uploads\/2024\/10\/IMG_4854-1024x1024.jpeg 1024w, https:\/\/ladesveladadelsiglo.es\/wp-content\/uploads\/2024\/10\/IMG_4854-300x300.jpeg 300w, https:\/\/ladesveladadelsiglo.es\/wp-content\/uploads\/2024\/10\/IMG_4854-scaled-100x100.jpeg 100w, https:\/\/ladesveladadelsiglo.es\/wp-content\/uploads\/2024\/10\/IMG_4854-150x150.jpeg 150w, https:\/\/ladesveladadelsiglo.es\/wp-content\/uploads\/2024\/10\/IMG_4854-768x768.jpeg 768w\" sizes=\"auto, (max-width: 1024px) 100vw, 1024px\" \/><\/figure>\n\n\n\n<figure class=\"wp-block-image size-large\"><img loading=\"lazy\" decoding=\"async\" width=\"1024\" height=\"1024\" data-id=\"179\" src=\"https:\/\/www.ladesveladadelsiglo.es\/wp-content\/uploads\/2024\/10\/IMG_4855-1024x1024.jpeg\" alt=\"\" class=\"wp-image-179\" srcset=\"https:\/\/ladesveladadelsiglo.es\/wp-content\/uploads\/2024\/10\/IMG_4855-1024x1024.jpeg 1024w, https:\/\/ladesveladadelsiglo.es\/wp-content\/uploads\/2024\/10\/IMG_4855-300x300.jpeg 300w, https:\/\/ladesveladadelsiglo.es\/wp-content\/uploads\/2024\/10\/IMG_4855-scaled-100x100.jpeg 100w, https:\/\/ladesveladadelsiglo.es\/wp-content\/uploads\/2024\/10\/IMG_4855-150x150.jpeg 150w, https:\/\/ladesveladadelsiglo.es\/wp-content\/uploads\/2024\/10\/IMG_4855-768x768.jpeg 768w\" sizes=\"auto, (max-width: 1024px) 100vw, 1024px\" \/><\/figure>\n\n\n\n<figure class=\"wp-block-image size-large\"><img loading=\"lazy\" decoding=\"async\" width=\"1024\" height=\"1024\" data-id=\"181\" src=\"https:\/\/www.ladesveladadelsiglo.es\/wp-content\/uploads\/2024\/10\/IMG_4856-1024x1024.jpeg\" alt=\"\" class=\"wp-image-181\" srcset=\"https:\/\/ladesveladadelsiglo.es\/wp-content\/uploads\/2024\/10\/IMG_4856-1024x1024.jpeg 1024w, https:\/\/ladesveladadelsiglo.es\/wp-content\/uploads\/2024\/10\/IMG_4856-300x300.jpeg 300w, https:\/\/ladesveladadelsiglo.es\/wp-content\/uploads\/2024\/10\/IMG_4856-scaled-100x100.jpeg 100w, https:\/\/ladesveladadelsiglo.es\/wp-content\/uploads\/2024\/10\/IMG_4856-150x150.jpeg 150w, https:\/\/ladesveladadelsiglo.es\/wp-content\/uploads\/2024\/10\/IMG_4856-768x768.jpeg 768w\" sizes=\"auto, (max-width: 1024px) 100vw, 1024px\" \/><\/figure>\n<\/figure>\n\n\n\n<p class=\"has-large-font-size\"><strong>Novedades<\/strong><\/p>\n\n\n\n<p class=\"has-medium-font-size\">Esta edici\u00f3n contamos con varias novedades. Para mejorar la satisfacci\u00f3n de nuestros espectadores, en esta edici\u00f3n contaremos con una secci\u00f3n donde podr\u00e1s encontrar comida como boller\u00eda o chucher\u00edas (vamos cosas insanas). Tambi\u00e9n contaremos con la guitarra, el bajo y la voz de Iker, Keso y Andreu. Una de las mejores novedades es el cambio de lugar, que facilita la iluminaci\u00f3n, el acceso\u2026<\/p>\n\n\n\n<figure class=\"wp-block-image size-large is-resized\"><img loading=\"lazy\" decoding=\"async\" width=\"1024\" height=\"988\" src=\"https:\/\/www.ladesveladadelsiglo.es\/wp-content\/uploads\/2024\/10\/IMG_4789-2-1024x988.jpeg\" alt=\"\" class=\"wp-image-185\" style=\"width:764px;height:auto\"\/><\/figure>\n\n\n\n<figure class=\"wp-block-gallery has-nested-images columns-default is-cropped wp-block-gallery-2 is-layout-flex wp-block-gallery-is-layout-flex\">\n<figure class=\"wp-block-image size-large is-style-rounded\"><img loading=\"lazy\" decoding=\"async\" width=\"1024\" height=\"1024\" data-id=\"138\" src=\"https:\/\/www.ladesveladadelsiglo.es\/wp-content\/uploads\/2024\/10\/IMG_4785-1024x1024.png\" alt=\"\" class=\"wp-image-138\" srcset=\"https:\/\/ladesveladadelsiglo.es\/wp-content\/uploads\/2024\/10\/IMG_4785-1024x1024.png 1024w, https:\/\/ladesveladadelsiglo.es\/wp-content\/uploads\/2024\/10\/IMG_4785-300x300.png 300w, https:\/\/ladesveladadelsiglo.es\/wp-content\/uploads\/2024\/10\/IMG_4785-100x100.png 100w, https:\/\/ladesveladadelsiglo.es\/wp-content\/uploads\/2024\/10\/IMG_4785-150x150.png 150w, https:\/\/ladesveladadelsiglo.es\/wp-content\/uploads\/2024\/10\/IMG_4785-768x768.png 768w\" sizes=\"auto, (max-width: 1024px) 100vw, 1024px\" \/><\/figure>\n\n\n\n<figure class=\"wp-block-image size-large is-style-rounded\"><img loading=\"lazy\" decoding=\"async\" width=\"720\" height=\"1024\" data-id=\"136\" src=\"https:\/\/www.ladesveladadelsiglo.es\/wp-content\/uploads\/2024\/10\/IMG_4784-720x1024.jpeg\" alt=\"\" class=\"wp-image-136\"\/><\/figure>\n\n\n\n<figure class=\"wp-block-image size-large is-style-rounded\"><img loading=\"lazy\" decoding=\"async\" width=\"720\" height=\"1024\" data-id=\"137\" src=\"https:\/\/www.ladesveladadelsiglo.es\/wp-content\/uploads\/2024\/10\/IMG_4783-720x1024.jpeg\" alt=\"\" class=\"wp-image-137\"\/><\/figure>\n<\/figure>\n\n\n\n<figure class=\"wp-block-image size-full\"><img loading=\"lazy\" decoding=\"async\" width=\"825\" height=\"556\" src=\"https:\/\/www.ladesveladadelsiglo.es\/wp-content\/uploads\/2024\/10\/Captura-de-pantalla-2024-10-06-173227.png\" alt=\"\" class=\"wp-image-144\" srcset=\"https:\/\/ladesveladadelsiglo.es\/wp-content\/uploads\/2024\/10\/Captura-de-pantalla-2024-10-06-173227.png 825w, https:\/\/ladesveladadelsiglo.es\/wp-content\/uploads\/2024\/10\/Captura-de-pantalla-2024-10-06-173227-600x404.png 600w\" sizes=\"auto, (max-width: 825px) 100vw, 825px\" \/><\/figure>\n\n\n\n<p class=\"has-text-align-right\">Organizado por <a href=\"https:\/\/espectaculosguillermo.es\">Espect\u00e1culos Guillermo<\/a>.<\/p>\n\n\n\n<p class=\"has-text-align-center has-luminous-vivid-amber-color has-midnight-gradient-background has-text-color has-background has-link-color has-x-large-font-size wp-elements-99749b13cb6c0964f2b23ca044e4d10b\"><strong>1\u00aa Edici\u00f3n <\/strong><\/p>\n","protected":false},"excerpt":{"rendered":"<p>2\u00aa Edici\u00f3n Esta edici\u00f3n cuenta con unas pruebas parecidas, donde los concursantes de esta edici\u00f3n, Lucas y Gael, pondr\u00e1n a prueba sus habilidades de equilibrio, punter\u00eda, matem\u00e1ticas, cultura general\u2026 Alternado con espect\u00e1culos musicales. La organizaci\u00f3n de este a\u00f1o nos ha permitido poner carteles por la calle Novedades Esta edici\u00f3n contamos con varias novedades. Para mejorar<\/p>\n<div class=\"more-link\">\n\t\t\t\t <a href=\"https:\/\/ladesveladadelsiglo.es\/index.php\/la-desvelada-del-siglo-2\/\" class=\"link-btn\"><span>Seguir leyendo <\/span> <i class=\"icofont-thin-double-right\"><\/i><\/a>\n\t\t\t<\/div>\n","protected":false},"author":1,"featured_media":0,"parent":0,"menu_order":0,"comment_status":"closed","ping_status":"closed","template":"","meta":{"footnotes":""},"class_list":["post-39","page","type-page","status-publish","hentry"],"jetpack_sharing_enabled":true,"_links":{"self":[{"href":"https:\/\/ladesveladadelsiglo.es\/index.php\/wp-json\/wp\/v2\/pages\/39","targetHints":{"allow":["GET"]}}],"collection":[{"href":"https:\/\/ladesveladadelsiglo.es\/index.php\/wp-json\/wp\/v2\/pages"}],"about":[{"href":"https:\/\/ladesveladadelsiglo.es\/index.php\/wp-json\/wp\/v2\/types\/page"}],"author":[{"embeddable":true,"href":"https:\/\/ladesveladadelsiglo.es\/index.php\/wp-json\/wp\/v2\/users\/1"}],"replies":[{"embeddable":true,"href":"https:\/\/ladesveladadelsiglo.es\/index.php\/wp-json\/wp\/v2\/comments?post=39"}],"version-history":[{"count":21,"href":"https:\/\/ladesveladadelsiglo.es\/index.php\/wp-json\/wp\/v2\/pages\/39\/revisions"}],"predecessor-version":[{"id":860,"href":"https:\/\/ladesveladadelsiglo.es\/index.php\/wp-json\/wp\/v2\/pages\/39\/revisions\/860"}],"wp:attachment":[{"href":"https:\/\/ladesveladadelsiglo.es\/index.php\/wp-json\/wp\/v2\/media?parent=39"}],"curies":[{"name":"wp","href":"https:\/\/api.w.org\/{rel}","templated":true}]}}