{"id":34,"date":"2024-10-03T20:13:13","date_gmt":"2024-10-03T18:13:13","guid":{"rendered":"https:\/\/www.ladesveladadelsiglo.es\/?page_id=34"},"modified":"2026-01-12T15:14:15","modified_gmt":"2026-01-12T14:14:15","slug":"inicio","status":"publish","type":"page","link":"https:\/\/ladesveladadelsiglo.es\/","title":{"rendered":"Hola, benvingut a la Desvelada!"},"content":{"rendered":"\n<p class=\"has-white-color has-text-color has-link-color has-large-font-size wp-elements-38d4b8d730ebaa79cbf636424e272b34\"><\/p>\n\n\n\n<div class=\"wp-block-buttons is-content-justification-center is-layout-flex wp-container-core-buttons-is-layout-16018d1d wp-block-buttons-is-layout-flex\">\n<div class=\"wp-block-button has-custom-width wp-block-button__width-100 is-style-outline is-style-outline--1\"><a class=\"wp-block-button__link has-white-color has-luminous-vivid-amber-to-luminous-vivid-orange-gradient-background has-text-color has-background has-link-color has-large-font-size has-text-align-center has-custom-font-size wp-element-button\" href=\"https:\/\/ladesveladadelsiglo.es\/index.php\/entradas-online\/\" style=\"border-top-left-radius:19px;border-top-right-radius:19px;border-bottom-left-radius:19px;border-bottom-right-radius:19px\"><strong>Entrades<\/strong><\/a><\/div>\n<\/div>\n\n\n\n<p><\/p>\n\n\n\n<p class=\"has-white-color has-text-color has-link-color wp-elements-bc77735836da1f4e5a3fcb55eb605147\">La Desvelada del Segle \u00e9s un esdeveniment cultural que combina m\u00fasica en directe i activitats participatives en una mateixa jornada. El format alterna reptes f\u00edsics i mentals, pensats per ser segurs i accessibles, amb actuacions de grups emergents, especialment de la comarca de la Safor.<\/p>\n\n\n\n<p class=\"has-white-color has-text-color has-link-color wp-elements-9fd4f9da90199beaf45ae91f731fe2e9\">El projecte naix amb la voluntat d\u2019oferir una proposta cultural diferent i pr\u00f2xima, que done espai tant a la participaci\u00f3 del p\u00fablic com al talent musical emergent. A trav\u00e9s de la m\u00fasica i les activitats, La Desvelada del Segle busca ampliar l\u2019oferta cultural i crear un ambient din\u00e0mic i atractiu.<\/p>\n\n\n\n<p class=\"has-white-color has-text-color has-link-color wp-elements-364af15a8e5f6cdab1aece70c4476740\">A m\u00e9s de ser una manera de passar una bona estona, l\u2019esdeveniment dona visibilitat a bandes emergents i aposta per una alternativa cultural oberta i participativa.<\/p>\n\n\n\n<p class=\"has-white-color has-text-color has-link-color wp-elements-78c16566cb87df6ee891e02be4f08e46\">Si tot va b\u00e9, la pr\u00f2xima edici\u00f3 de La Desvelada del Segle ser\u00e0 organitzada pel <strong>Consell dels Joves de Gandia<\/strong>.<\/p>\n\n\n\n<p class=\"has-white-color has-black-background-color has-text-color has-background has-link-color has-medium-font-size wp-elements-c6ef616e63aad502534070cd555a0fb7\"><\/p>\n\n\n\n<p><\/p>\n\n\n\n<p class=\"has-black-color has-text-color has-link-color has-medium-font-size wp-elements-9ea9de3557edab6b4469dff93e6affdc\"><\/p>\n\n\n\n<p class=\"has-white-color has-text-color has-link-color has-medium-font-size wp-elements-dc1b18b0da8f6d7daa5d37b79a36dc01\"><\/p>\n\n\n\n<p class=\"has-white-color has-text-color has-link-color has-medium-font-size wp-elements-dc1b18b0da8f6d7daa5d37b79a36dc01\"><\/p>\n\n\n\n\n\n<p><\/p>\n\n\n\n<p><\/p>\n\n\n\n<p><\/p>\n\n\n\n<p><\/p>\n\n\n\n<p><\/p>\n\n\n\n<p><\/p>\n\n\n\n<p><\/p>\n\n\n\n<p class=\"has-luminous-vivid-amber-color has-midnight-gradient-background has-text-color has-background has-link-color has-large-font-size wp-elements-afdc6bfbe613baeda504b0c1c2d603a4\"><strong>El nostre instagram<\/strong><\/p>\n\n\n\t\t<div class=\"wp-block-jetpack-instagram-gallery wp-block-jetpack-instagram-gallery__grid wp-block-jetpack-instagram-gallery__grid-columns-3 is-stacked-on-mobile\" style=\"grid-gap: 21px; --latest-instagram-posts-spacing: 21px;\">\n\t\t\t\t\t<a\n\t\t\t\tclass=\"wp-block-jetpack-instagram-gallery__grid-post\"\n\t\t\t\thref=\"https:\/\/www.instagram.com\/reel\/DMffFkfNNO7\/\"\n\t\t\t\trel=\"noopener noreferrer\"\n\t\t\t\ttarget=\"_blank\"\n\t\t\t>\n\t\t\t\t<img\n\t\t\t\t\talt=\"Felicitats, Desvelada.\"\n\t\t\t\t\tsrc=\"https:\/\/scontent-dfw5-2.cdninstagram.com\/v\/t51.71878-15\/522192953_1277309247387146_8922551425242879351_n.jpg?stp=dst-jpg_e35_tt6&#038;_nc_cat=108&#038;ccb=7-5&#038;_nc_sid=18de74&#038;efg=eyJlZmdfdGFnIjoiQ0xJUFMuYmVzdF9pbWFnZV91cmxnZW4uQzMifQ%3D%3D&#038;_nc_ohc=x7TOrLxrF7UQ7kNvwGGRdCN&#038;_nc_oc=AdoHF6GAKGlGhYJRY4mLK3k4jwEaYfiOUyX_SIgZhCy3GoL0k7eOzdIiDNBRmSjSrYU&#038;_nc_zt=23&#038;_nc_ht=scontent-dfw5-2.cdninstagram.com&#038;edm=ANo9K5cEAAAA&#038;_nc_gid=4VImhEs5H6LnjcCRcFgTNg&#038;_nc_tpa=Q5bMBQFpIXlA71hS__cXq4pYjSyMNTDeMIQ5Q77NWwlWGRa8xe8Wk4_xhio4IS-l91t41nbaTXmv3RJj9w&#038;oh=00_Af2Wx5iIp_vBLlRPVrSZWmtcl-JfsdAmzST9XaEcpCfnqA&#038;oe=69D70256\"\n\t\t\t\t\tloading=\"lazy\"\n\t\t\t\t\/>\n\t\t\t<\/a>\n\t\t\t\t\t<a\n\t\t\t\tclass=\"wp-block-jetpack-instagram-gallery__grid-post\"\n\t\t\t\thref=\"https:\/\/www.instagram.com\/reel\/DLK-zV8NP2a\/\"\n\t\t\t\trel=\"noopener noreferrer\"\n\t\t\t\ttarget=\"_blank\"\n\t\t\t>\n\t\t\t\t<img\n\t\t\t\t\talt=\"Un xicotet v\u00eddeo de la prova de so de @fardatxo.oficial abans de que arribar\u00e0 la polic\u00eda \"\n\t\t\t\t\tsrc=\"https:\/\/scontent-dfw6-1.cdninstagram.com\/v\/t51.71878-15\/510416286_1662520437742878_4802059128485584250_n.jpg?stp=dst-jpg_e35_tt6&#038;_nc_cat=101&#038;ccb=7-5&#038;_nc_sid=18de74&#038;efg=eyJlZmdfdGFnIjoiQ0xJUFMuYmVzdF9pbWFnZV91cmxnZW4uQzMifQ%3D%3D&#038;_nc_ohc=C_rgP1ygim8Q7kNvwEZnx0J&#038;_nc_oc=AdrhDMoXHifJo09dCV1U3oJh57TD7eFurqZgIpBTm1WJHAczujedKaqQaBzdy9xhDUk&#038;_nc_zt=23&#038;_nc_ht=scontent-dfw6-1.cdninstagram.com&#038;edm=ANo9K5cEAAAA&#038;_nc_gid=4VImhEs5H6LnjcCRcFgTNg&#038;_nc_tpa=Q5bMBQFkrxKYRAGkncgWHsxF3kRQA1l9pnbVpXE85ws1bBTs_jL4_NZJ7jsF76phLqtKkhSasgXL3GL2-g&#038;oh=00_Af0-aRnM7kfPcqM-vYVyPovQYBCtk6hlNHmRcWz5_ixSDw&#038;oe=69D70C58\"\n\t\t\t\t\tloading=\"lazy\"\n\t\t\t\t\/>\n\t\t\t<\/a>\n\t\t\t\t\t<a\n\t\t\t\tclass=\"wp-block-jetpack-instagram-gallery__grid-post\"\n\t\t\t\thref=\"https:\/\/www.instagram.com\/reel\/DJkEAcYNJri\/\"\n\t\t\t\trel=\"noopener noreferrer\"\n\t\t\t\ttarget=\"_blank\"\n\t\t\t>\n\t\t\t\t<img\n\t\t\t\t\talt=\"&quot;La \u00faltima bala que yo me dispar\u00e9&quot; \"\n\t\t\t\t\tsrc=\"https:\/\/scontent-dfw5-2.cdninstagram.com\/v\/t51.71878-15\/497149408_9843711932363584_7456456562715460844_n.jpg?stp=dst-jpg_e35_tt6&#038;_nc_cat=107&#038;ccb=7-5&#038;_nc_sid=18de74&#038;efg=eyJlZmdfdGFnIjoiQ0xJUFMuYmVzdF9pbWFnZV91cmxnZW4uQzMifQ%3D%3D&#038;_nc_ohc=cVXJel7Z_hYQ7kNvwG6buu0&#038;_nc_oc=Adq3wl73MGtuyFOGKlzDEPx-r1vpaW7oFTsod1jIajXIf4MlXoLSivEI0WxCQu9jXwA&#038;_nc_zt=23&#038;_nc_ht=scontent-dfw5-2.cdninstagram.com&#038;edm=ANo9K5cEAAAA&#038;_nc_gid=4VImhEs5H6LnjcCRcFgTNg&#038;_nc_tpa=Q5bMBQFFlk0xW9zV7VmbsSjRPN3q-fvl-Xcy2bNZMqsYw_vOCD7_um-n7lL22K1UJJvxk2dTZCJ0iceKPQ&#038;oh=00_Af3XAMh5Yml2e8pl0LTb5zm88yDGgoNrJhX-nAjbfP1FvQ&#038;oe=69D6E6A5\"\n\t\t\t\t\tloading=\"lazy\"\n\t\t\t\t\/>\n\t\t\t<\/a>\n\t\t\t<\/div>\n\n\t\n\n\n<p><\/p>\n","protected":false},"excerpt":{"rendered":"<p>La Desvelada del Segle \u00e9s un esdeveniment cultural que combina m\u00fasica en directe i activitats participatives en una mateixa jornada. El format alterna reptes f\u00edsics i mentals, pensats per ser segurs i accessibles, amb actuacions de grups emergents, especialment de la comarca de la Safor. El projecte naix amb la voluntat d\u2019oferir una proposta cultural<\/p>\n<div class=\"more-link\">\n\t\t\t\t <a href=\"https:\/\/ladesveladadelsiglo.es\/\" class=\"link-btn\"><span>Seguir leyendo <\/span> <i class=\"icofont-thin-double-right\"><\/i><\/a>\n\t\t\t<\/div>\n","protected":false},"author":1,"featured_media":0,"parent":0,"menu_order":0,"comment_status":"closed","ping_status":"closed","template":"","meta":{"footnotes":""},"class_list":["post-34","page","type-page","status-publish","hentry"],"jetpack_sharing_enabled":true,"_links":{"self":[{"href":"https:\/\/ladesveladadelsiglo.es\/index.php\/wp-json\/wp\/v2\/pages\/34","targetHints":{"allow":["GET"]}}],"collection":[{"href":"https:\/\/ladesveladadelsiglo.es\/index.php\/wp-json\/wp\/v2\/pages"}],"about":[{"href":"https:\/\/ladesveladadelsiglo.es\/index.php\/wp-json\/wp\/v2\/types\/page"}],"author":[{"embeddable":true,"href":"https:\/\/ladesveladadelsiglo.es\/index.php\/wp-json\/wp\/v2\/users\/1"}],"replies":[{"embeddable":true,"href":"https:\/\/ladesveladadelsiglo.es\/index.php\/wp-json\/wp\/v2\/comments?post=34"}],"version-history":[{"count":77,"href":"https:\/\/ladesveladadelsiglo.es\/index.php\/wp-json\/wp\/v2\/pages\/34\/revisions"}],"predecessor-version":[{"id":866,"href":"https:\/\/ladesveladadelsiglo.es\/index.php\/wp-json\/wp\/v2\/pages\/34\/revisions\/866"}],"wp:attachment":[{"href":"https:\/\/ladesveladadelsiglo.es\/index.php\/wp-json\/wp\/v2\/media?parent=34"}],"curies":[{"name":"wp","href":"https:\/\/api.w.org\/{rel}","templated":true}]}}